{"id":15,"date":"2013-08-13T21:14:18","date_gmt":"2013-08-13T21:14:18","guid":{"rendered":"http:\/\/norddeutschezeitung.de\/?page_id=15"},"modified":"2018-07-24T16:08:46","modified_gmt":"2018-07-24T16:08:46","slug":"impressum","status":"publish","type":"page","link":"https:\/\/purtul.de\/?page_id=15","title":{"rendered":"Impressum"},"content":{"rendered":"<p><span style=\"color: #000000;\">G\u00fcven Purtul\u00a0<\/span><\/p>\n<p>Grindelallee 26<\/p>\n<p>20146 Hamburg<\/p>\n<p>Tel.: 040 \/ 4904408<\/p>\n<p>Kontakt: Mail(\u00e4t)purtul.de<\/p>\n<p>Urheberrecht:\u00a0Alle auf dieser Website ver\u00f6ffentlichten Texte und Fotos stammen von mir.\u00a0Verwendung nur nach Absprache.<\/p>\n<p>&nbsp;<\/p>\n<p>Datenschutzerkl\u00e4rung<\/p>\n<p>Verantwortliche Stelle<\/p>\n<p>Verantwortliche Stelle f\u00fcr die Erhebung, Verarbeitung und Nutzung Ihrer personenbezogenen Daten im Sinne des Bundesdatenschutzgesetzes (BDSG) ist<\/p>\n<p>G\u00fcven Purtul &#8211; Freier Journalist, Grindelallee 26, 20146 Hamburg<\/p>\n<p>Sofern Sie der Erhebung, Verarbeitung oder Nutzung Ihrer Daten durch G\u00fcven Purtul &#8211; Freier Journalist gem\u00e4\u00df den datenschutzrechtlichen Bestimmungen insgesamt oder f\u00fcr einzelne Ma\u00dfnahmen widersprechen m\u00f6chten, richten Sie Ihren Widerspruch per Brief an folgende Kontaktdaten:<\/p>\n<p>G\u00fcven Purtul &#8211; Freier Journalist, Grindelallee 26, 20146 Hamburg<\/p>\n<p>Wir legen gr\u00f6\u00dften Wert auf den Schutz Ihrer Daten und die Wahrung Ihrer Privatsph\u00e4re. Nachstehend informieren wir Sie deshalb \u00fcber die Erhebung und Verwendung pers\u00f6nlicher Daten bei Nutzung unserer Webseite.<\/p>\n<p>Erheben, Speichern und Verwenden personenbezogener Daten<\/p>\n<p>Bei dem Besuch unserer Website erheben, verwenden und speichern wir Ihre personenbezogenen Daten. Personenbezogene Daten sind nach \u00a7 3 Abs. 1 BDSG Einzelangaben \u00fcber pers\u00f6nliche oder sachliche Verh\u00e4ltnisse einer bestimmten oder bestimmbaren nat\u00fcrlichen Person (Betroffener).<\/p>\n<p>Datenerhebung unter strenger Beachtung der Gesetze<\/p>\n<p>Bei der Erhebung, dem Verwenden und Speichern von personenbezogenen Daten beachten wir die Vorschriften des Bundesdatenschutzgesetzes, des Telemediengesetzes und ggf. weiterer anwendbarer Datenschutzbestimmungen. Alle Kundendaten werden unter Beachtung der einschl\u00e4gigen Vorschriften des Bundesdatenschutzgesetzes (BDSG) und des Telemediengesetzes (TMG) von uns gespeichert und verarbeitet.<\/p>\n<p>Cookies<\/p>\n<p>Unsere Internetseite verwendet an mehreren Stellen so genannte Cookies. \u201eCookies\u201c sind kleine Textdateien, die auf Ihrem Rechner abgelegt werden und die Ihr Browser speichert. Sie dienen dazu, unser Angebot nutzerfreundlicher, effektiver und sicherer zu machen. Des Weiteren erm\u00f6glichen Cookies unseren Systemen, Ihren Browser zu erkennen und Ihnen Services anzubieten. Cookies enthalten keine personenbezogenen Daten. Sie haben die M\u00f6glichkeit, das Abspeichern von Cookies auf Ihrem Rechner durch entsprechende Einstellungen in Ihrem Browser zu verhindern. Hierdurch k\u00f6nnte allerdings der Funktionsumfang unseres Angebotes eingeschr\u00e4nkt werden.<\/p>\n<p>Verwendung von Social Plugin<\/p>\n<p>Diese Website benutzt folgendes Social Media Plugin:<br \/>\n\u201eTwitter\u201d: betrieben von: Twitter, Inc., 795 Folsom St., Suite 600, San Francisco, CA 94107, United States<\/p>\n<p>Bei diesem Social Medial Plugin handelt es sich um vom vorgenannten Social-Media-Service entwickelte und zur Verf\u00fcgung gestellte Software, die den automatisierten Datenaustausch zwischen der Website und dem Social-Media-Service erm\u00f6glicht. So k\u00f6nnen unter anderem Daten vom vorgenannten Social-Media-Service dynamisch auf die Website \u00fcbertragen werden. Gleichzeitig k\u00f6nnen auch Daten der Nutzer dieser Website zum Social-Media-Service \u00fcbertragen werden, u.a. die IP-Adresse. Die Verwendung solcher Social Plugins erkennen Sie an den besonders gekennzeichneten Schaltfl\u00e4chen.<br \/>\nBereits beim Anzeigen bzw. Laden der Website k\u00f6nnen personenbezogene Daten mit dem jeweiligen Social-Media-Service ausgetauscht werden. Nutzer haben in diesen F\u00e4llen die M\u00f6glichkeit, diesen Datenaustausch ggf. durch \u00c4nderung in den Einstellungen ihres Benutzerkontos auf der Website des vorgenannten Social-Media-Services abzulehnen.<br \/>\nDie Verwendung des Twitter-Plugins auf der Website erkennen Sie durch eine Anzeige der Twitter-Logos (wei\u00dfes \u201et\u201c auf blauem Grund bzw. blauer Vogel) auf der entsprechenden Schaltfl\u00e4che. Durch den Klick auf diese Schaltfl\u00e4che stimmen Sie der Nutzung dieses Plugins und damit auch der Weitergabe von personenbezogenen Daten an den vorgenannten Social-Media-Service zu. Auf die Art und den Umfang der dabei \u00fcbertragenen Daten sowie \u00fcber deren weitere Verarbeitung haben wir keinen Einfluss. Nach unserem aktuellen Kenntnisstand wird der vorgenannte Social-Media-Service dabei \u00fcber ihre IP-Adresse und \u00fcber die das Plugin nutzende Website informiert. Sofern Sie gleichzeitig auf der vorgenannten Social-Media-Service-Plattform eingeloggt sind, k\u00f6nnen die Informationen unmittelbar Ihrem Nutzerprofil zugeordnet werden. M\u00f6chten Sie eine solche Sammlung von Profilinformationen vermeiden, sollten Sie sich aus der vorgenannten Social-Media-Service-Plattform ausloggen.<br \/>\nWeitere Informationen von Twitter zum Umgang mit diesem Plugin und dem entsprechenden Social-Media-Service erhalten Sie auf https:\/\/twitter.com\/logo. Weitere Informationen von Twitter \u00fcber ihre Datenschutzrichtlinie erhalten Sie auf:\u00a0<a href=\"https:\/\/twitter.com\/privacy\">https:\/\/twitter.com\/privacy<\/a>.<\/p>\n<p>Auskunft<\/p>\n<p>Sie haben jederzeit das Recht auf unentgeltliche Auskunft \u00fcber Ihre gespeicherten Daten sowie das Recht auf Berichtigung, L\u00f6schung bzw. Sperrung. Wenden Sie sich hierzu bitte an die im Impressum angegebene Kontaktadresse. Wir stehen Ihnen jederzeit gern f\u00fcr weitergehende Fragen zu unseren Hinweisen zum Datenschutz und zur Verarbeitung Ihrer pers\u00f6nlichen Daten zur Verf\u00fcgung.<\/p>\n<p>Quelle:\u00a0<a href=\"https:\/\/rechtsanwalt-metzler.de\/\">Rechtsanwalt Metzler<\/a><\/p>\n<p>&nbsp;<\/p>\n","protected":false},"excerpt":{"rendered":"<p>G\u00fcven Purtul\u00a0 Grindelallee 26 20146 Hamburg Tel.: 040 \/ 4904408 Kontakt: Mail(\u00e4t)purtul.de Urheberrecht:\u00a0Alle auf dieser Website ver\u00f6ffentlichten Texte und Fotos stammen von mir.\u00a0Verwendung nur nach Absprache. &nbsp; Datenschutzerkl\u00e4rung Verantwortliche Stelle Verantwortliche Stelle f\u00fcr die Erhebung, Verarbeitung und Nutzung Ihrer personenbezogenen Daten im Sinne des Bundesdatenschutzgesetzes (BDSG) ist G\u00fcven Purtul &#8211; Freier Journalist, Grindelallee 26, 20146 Hamburg Sofern Sie der Erhebung, Verarbeitung oder Nutzung Ihrer Daten &hellip; <a href=\"https:\/\/purtul.de\/?page_id=15\" class=\"more-link\"><span class=\"screen-reader-text\">Impressum<\/span> weiterlesen<\/a><\/p>\n","protected":false},"author":1,"featured_media":0,"parent":0,"menu_order":4,"comment_status":"open","ping_status":"closed","template":"","meta":{"footnotes":""},"class_list":["post-15","page","type-page","status-publish","hentry"],"_links":{"self":[{"href":"https:\/\/purtul.de\/index.php?rest_route=\/wp\/v2\/pages\/15","targetHints":{"allow":["GET"]}}],"collection":[{"href":"https:\/\/purtul.de\/index.php?rest_route=\/wp\/v2\/pages"}],"about":[{"href":"https:\/\/purtul.de\/index.php?rest_route=\/wp\/v2\/types\/page"}],"author":[{"embeddable":true,"href":"https:\/\/purtul.de\/index.php?rest_route=\/wp\/v2\/users\/1"}],"replies":[{"embeddable":true,"href":"https:\/\/purtul.de\/index.php?rest_route=%2Fwp%2Fv2%2Fcomments&post=15"}],"version-history":[{"count":22,"href":"https:\/\/purtul.de\/index.php?rest_route=\/wp\/v2\/pages\/15\/revisions"}],"predecessor-version":[{"id":780,"href":"https:\/\/purtul.de\/index.php?rest_route=\/wp\/v2\/pages\/15\/revisions\/780"}],"wp:attachment":[{"href":"https:\/\/purtul.de\/index.php?rest_route=%2Fwp%2Fv2%2Fmedia&parent=15"}],"curies":[{"name":"wp","href":"https:\/\/api.w.org\/{rel}","templated":true}]}}